{"id":578,"date":"2023-10-30T17:14:39","date_gmt":"2023-10-30T17:14:39","guid":{"rendered":"https:\/\/wowlitter.com\/?post_type=product&#038;p=578"},"modified":"2025-12-02T19:43:24","modified_gmt":"2025-12-02T19:43:24","slug":"wowlitter","status":"publish","type":"product","link":"https:\/\/wowlitter.com\/index.php\/producto\/wowlitter\/","title":{"rendered":"Bolsa \u00a1WOW! Litter 4kg"},"content":{"rendered":"<p>La Arena Para Gatos Aglutinante Wow Litter de Bentonita es la soluci\u00f3n perfecta para mantener la higiene de tu mascota. Con un peso neto de 4 kg, esta arena aglutinante es f\u00e1cil de usar y garantiza un control eficaz de los olores. Su fragancia a lavanda dejar\u00e1 un aroma fresco en tu hogar.<\/p>\n<p>El material de bentonita de alta calidad garantiza una absorci\u00f3n superior, manteniendo la bandeja de tu gato limpia por m\u00e1s tiempo. Aunque no es biodegradable, su eficacia y durabilidad hacen que sea una excelente opci\u00f3n para mantener la limpieza en el \u00e1rea de tu mascota. Con un peso de 4 kg por unidad, tendr\u00e1s suficiente arena para varios cambios.<\/p>\n<p>La marca WOW Litter es reconocida por su compromiso con la calidad y la satisfacci\u00f3n del cliente. Con esta arena para gatos, podr\u00e1s disfrutar de un producto confiable y efectivo para cuidar la salud e higiene de tu mascota. Aprovecha esta oportunidad para adquirir un producto de alta calidad que har\u00e1 la vida de tu gato m\u00e1s c\u00f3moda y saludable.<\/p>\n","protected":false},"excerpt":{"rendered":"<ul>\n<li>Arena para gatos de Bentonita super premium<\/li>\n<li>Aglutina los desechos de tu gatito<\/li>\n<li>Sin polvo, que ayuda a mantener las \u00e1reas limpias<\/li>\n<li>Neutraliza los olores, dejando un agradable aroma lavanda<\/li>\n<li>Hecha de Bentonita Natural, no biodegradable<\/li>\n<li>Bolsa de 4 Kilos con agarradera y tapa de rosquilla<\/li>\n<\/ul>\n","protected":false},"featured_media":1261,"comment_status":"open","ping_status":"closed","template":"","meta":[],"product_brand":[],"product_cat":[23],"product_tag":[24,25,26],"class_list":{"0":"post-578","1":"product","2":"type-product","3":"status-publish","4":"has-post-thumbnail","6":"product_cat-productos","7":"product_tag-arena-para-gatos","8":"product_tag-benotnita","9":"product_tag-productos-para-gatos","11":"first","12":"instock","13":"taxable","14":"shipping-taxable","15":"purchasable","16":"product-type-simple"},"jetpack_sharing_enabled":true,"_links":{"self":[{"href":"https:\/\/wowlitter.com\/index.php\/wp-json\/wp\/v2\/product\/578","targetHints":{"allow":["GET"]}}],"collection":[{"href":"https:\/\/wowlitter.com\/index.php\/wp-json\/wp\/v2\/product"}],"about":[{"href":"https:\/\/wowlitter.com\/index.php\/wp-json\/wp\/v2\/types\/product"}],"replies":[{"embeddable":true,"href":"https:\/\/wowlitter.com\/index.php\/wp-json\/wp\/v2\/comments?post=578"}],"version-history":[{"count":1,"href":"https:\/\/wowlitter.com\/index.php\/wp-json\/wp\/v2\/product\/578\/revisions"}],"predecessor-version":[{"id":1260,"href":"https:\/\/wowlitter.com\/index.php\/wp-json\/wp\/v2\/product\/578\/revisions\/1260"}],"wp:featuredmedia":[{"embeddable":true,"href":"https:\/\/wowlitter.com\/index.php\/wp-json\/wp\/v2\/media\/1261"}],"wp:attachment":[{"href":"https:\/\/wowlitter.com\/index.php\/wp-json\/wp\/v2\/media?parent=578"}],"wp:term":[{"taxonomy":"product_brand","embeddable":true,"href":"https:\/\/wowlitter.com\/index.php\/wp-json\/wp\/v2\/product_brand?post=578"},{"taxonomy":"product_cat","embeddable":true,"href":"https:\/\/wowlitter.com\/index.php\/wp-json\/wp\/v2\/product_cat?post=578"},{"taxonomy":"product_tag","embeddable":true,"href":"https:\/\/wowlitter.com\/index.php\/wp-json\/wp\/v2\/product_tag?post=578"}],"curies":[{"name":"wp","href":"https:\/\/api.w.org\/{rel}","templated":true}]}}