{"id":554,"date":"2024-08-20T21:39:18","date_gmt":"2024-08-20T21:39:18","guid":{"rendered":"https:\/\/wowlitter.com\/?page_id=554"},"modified":"2024-08-20T21:39:18","modified_gmt":"2024-08-20T21:39:18","slug":"reembolso_devoluciones","status":"publish","type":"page","link":"https:\/\/wowlitter.com\/index.php\/reembolso_devoluciones\/","title":{"rendered":"Pol\u00edtica de devoluciones y reembolsos"},"content":{"rendered":"<p class=\"has-normal-font-size\" style=\"margin-top:var(--wp--preset--spacing--30);margin-right:var(--wp--preset--spacing--30);margin-bottom:var(--wp--preset--spacing--30);margin-left:var(--wp--preset--spacing--30)\">Queremos que tu experiencia de compra sea la mejor y si tienes alg\u00fan problema o inconveniente, te ofrecemos hasta\u00a010 d\u00edas\u202fnaturales\u202fdespu\u00e9s haber recibido tus compra para realizar su devoluci\u00f3n sin ning\u00fan costo.\u00a0\u00a0Cont\u00e1ctanos para darle seguimiento a tu solicitud.<\/p><p class=\"has-normal-font-size\" style=\"margin-top:var(--wp--preset--spacing--30);margin-right:var(--wp--preset--spacing--30);margin-bottom:var(--wp--preset--spacing--30);margin-left:var(--wp--preset--spacing--30)\">Durante este periodo de tiempo, por favor conserva el empaque original en las condiciones en que lo recibiste para que puedas entregar tus art\u00edculos dentro del mismo.\u00a0M\u00e1ndanos evidencia del estado en el que recibiste tu compra.<\/p><p class=\"has-normal-font-size\" style=\"margin-top:var(--wp--preset--spacing--30);margin-right:var(--wp--preset--spacing--30);margin-bottom:var(--wp--preset--spacing--30);margin-left:var(--wp--preset--spacing--30)\">Recuerda que, dependiendo de las condiciones de los art\u00edculos, se procesar\u00e1 el reembolso total o parcial del monto pagado.&nbsp;&nbsp;<\/p><p class=\"has-normal-font-size\" style=\"margin-top:var(--wp--preset--spacing--30);margin-right:var(--wp--preset--spacing--30);margin-bottom:var(--wp--preset--spacing--30);margin-left:var(--wp--preset--spacing--30)\">Una vez recibido el producto de regreso y hayamos revisado la situaci\u00f3n y el producto, te notificaremos el reembolso, el cual ser\u00e1 v\u00e1lido entre 3-10 d\u00edas h\u00e1biles.<\/p><p class=\"has-normal-font-size\" style=\"margin-top:var(--wp--preset--spacing--30);margin-right:var(--wp--preset--spacing--30);margin-bottom:var(--wp--preset--spacing--30);margin-left:var(--wp--preset--spacing--30)\"><\/p><p><\/p>","protected":false},"excerpt":{"rendered":"<p>Queremos que tu experiencia de compra sea la mejor y si tienes alg\u00fan problema o inconveniente, te ofrecemos hasta\u00a010 d\u00edas\u202fnaturales\u202fdespu\u00e9s haber recibido tus compra para realizar su devoluci\u00f3n sin ning\u00fan costo.\u00a0\u00a0Cont\u00e1ctanos para darle seguimiento a tu solicitud. Durante este periodo de tiempo, por favor conserva el empaque original en las condiciones en que lo recibiste [&hellip;]<\/p>\n","protected":false},"author":1,"featured_media":0,"parent":0,"menu_order":0,"comment_status":"closed","ping_status":"closed","template":"","meta":{"footnotes":""},"class_list":["post-554","page","type-page","status-publish","hentry"],"jetpack_sharing_enabled":true,"_links":{"self":[{"href":"https:\/\/wowlitter.com\/index.php\/wp-json\/wp\/v2\/pages\/554","targetHints":{"allow":["GET"]}}],"collection":[{"href":"https:\/\/wowlitter.com\/index.php\/wp-json\/wp\/v2\/pages"}],"about":[{"href":"https:\/\/wowlitter.com\/index.php\/wp-json\/wp\/v2\/types\/page"}],"author":[{"embeddable":true,"href":"https:\/\/wowlitter.com\/index.php\/wp-json\/wp\/v2\/users\/1"}],"replies":[{"embeddable":true,"href":"https:\/\/wowlitter.com\/index.php\/wp-json\/wp\/v2\/comments?post=554"}],"version-history":[{"count":1,"href":"https:\/\/wowlitter.com\/index.php\/wp-json\/wp\/v2\/pages\/554\/revisions"}],"predecessor-version":[{"id":1328,"href":"https:\/\/wowlitter.com\/index.php\/wp-json\/wp\/v2\/pages\/554\/revisions\/1328"}],"wp:attachment":[{"href":"https:\/\/wowlitter.com\/index.php\/wp-json\/wp\/v2\/media?parent=554"}],"curies":[{"name":"wp","href":"https:\/\/api.w.org\/{rel}","templated":true}]}}