{"id":1746,"date":"2025-04-25T04:03:12","date_gmt":"2025-04-25T04:03:12","guid":{"rendered":"https:\/\/wowlitter.com\/?page_id=1746"},"modified":"2025-04-25T04:15:34","modified_gmt":"2025-04-25T04:15:34","slug":"elementor-1746","status":"publish","type":"page","link":"https:\/\/wowlitter.com\/index.php\/elementor-1746\/","title":{"rendered":"Elementor #1746"},"content":{"rendered":"\t\t<div data-elementor-type=\"wp-page\" data-elementor-id=\"1746\" class=\"elementor elementor-1746\" data-elementor-post-type=\"page\">\n\t\t\t\t<div class=\"elementor-element elementor-element-070f207 e-flex e-con-boxed e-con e-parent\" data-id=\"070f207\" data-element_type=\"container\" data-e-type=\"container\" data-settings=\"{&quot;background_background&quot;:&quot;classic&quot;}\">\n\t\t\t\t\t<div class=\"e-con-inner\">\n\t\t\t\t<div class=\"elementor-element elementor-element-624fbe1 elementor-widget elementor-widget-heading\" data-id=\"624fbe1\" data-element_type=\"widget\" data-e-type=\"widget\" data-widget_type=\"heading.default\">\n\t\t\t\t<div class=\"elementor-widget-container\">\n\t\t\t\t\t<h1 class=\"elementor-heading-title elementor-size-default\">La arena para gatos m\u00e1s pr\u00e1ctica, natural y poderosa.<\/h1>\t\t\t\t<\/div>\n\t\t\t\t<\/div>\n\t\t\t\t<div class=\"elementor-element elementor-element-d2b5241 elementor-widget__width-initial elementor-widget elementor-widget-text-editor\" data-id=\"d2b5241\" data-element_type=\"widget\" data-e-type=\"widget\" data-widget_type=\"text-editor.default\">\n\t\t\t\t<div class=\"elementor-widget-container\">\n\t\t\t\t\t\t\t\t\t<p>WOW! Litter elimina olores al instante, no levanta polvo y est\u00e1 hecha con ingredientes 100% naturales. Higiene total, sin qu\u00edmicos ni complicaciones.<\/p><div>\u00a0<\/div>\t\t\t\t\t\t\t\t<\/div>\n\t\t\t\t<\/div>\n\t\t\t\t<div class=\"elementor-element elementor-element-99e83de elementor-widget elementor-widget-button\" data-id=\"99e83de\" data-element_type=\"widget\" data-e-type=\"widget\" data-widget_type=\"button.default\">\n\t\t\t\t<div class=\"elementor-widget-container\">\n\t\t\t\t\t\t\t\t\t<div class=\"elementor-button-wrapper\">\n\t\t\t\t\t<a class=\"elementor-button elementor-button-link elementor-size-sm\" href=\"#tienda\">\n\t\t\t\t\t\t<span class=\"elementor-button-content-wrapper\">\n\t\t\t\t\t\t\t\t\t<span class=\"elementor-button-text\">Pru\u00e9bala ahora<\/span>\n\t\t\t\t\t<\/span>\n\t\t\t\t\t<\/a>\n\t\t\t\t<\/div>\n\t\t\t\t\t\t\t\t<\/div>\n\t\t\t\t<\/div>\n\t\t\t\t\t<\/div>\n\t\t\t\t<\/div>\n\t\t\t\t<\/div>\n\t\t","protected":false},"excerpt":{"rendered":"<p>La arena para gatos m\u00e1s pr\u00e1ctica, natural y poderosa. WOW! Litter elimina olores al instante, no levanta polvo y est\u00e1 hecha con ingredientes 100% naturales. Higiene total, sin qu\u00edmicos ni complicaciones. \u00a0 Pru\u00e9bala ahora<\/p>\n","protected":false},"author":2,"featured_media":0,"parent":0,"menu_order":0,"comment_status":"closed","ping_status":"closed","template":"","meta":{"footnotes":""},"class_list":["post-1746","page","type-page","status-publish","hentry"],"jetpack_sharing_enabled":true,"_links":{"self":[{"href":"https:\/\/wowlitter.com\/index.php\/wp-json\/wp\/v2\/pages\/1746","targetHints":{"allow":["GET"]}}],"collection":[{"href":"https:\/\/wowlitter.com\/index.php\/wp-json\/wp\/v2\/pages"}],"about":[{"href":"https:\/\/wowlitter.com\/index.php\/wp-json\/wp\/v2\/types\/page"}],"author":[{"embeddable":true,"href":"https:\/\/wowlitter.com\/index.php\/wp-json\/wp\/v2\/users\/2"}],"replies":[{"embeddable":true,"href":"https:\/\/wowlitter.com\/index.php\/wp-json\/wp\/v2\/comments?post=1746"}],"version-history":[{"count":5,"href":"https:\/\/wowlitter.com\/index.php\/wp-json\/wp\/v2\/pages\/1746\/revisions"}],"predecessor-version":[{"id":1754,"href":"https:\/\/wowlitter.com\/index.php\/wp-json\/wp\/v2\/pages\/1746\/revisions\/1754"}],"wp:attachment":[{"href":"https:\/\/wowlitter.com\/index.php\/wp-json\/wp\/v2\/media?parent=1746"}],"curies":[{"name":"wp","href":"https:\/\/api.w.org\/{rel}","templated":true}]}}